{"id":286,"date":"2020-05-10T21:55:25","date_gmt":"2020-05-10T19:55:25","guid":{"rendered":"https:\/\/www.pohle.it\/?page_id=286"},"modified":"2024-07-21T18:00:13","modified_gmt":"2024-07-21T16:00:13","slug":"3d-druck-elektronik","status":"publish","type":"page","link":"https:\/\/www.pohle.it\/index.php\/3d-druck-elektronik\/","title":{"rendered":"3D Druck &#038; Elektronik"},"content":{"rendered":"\t\t<div data-elementor-type=\"wp-page\" data-elementor-id=\"286\" class=\"elementor elementor-286\">\n\t\t\t\t\t\t<section class=\"elementor-section elementor-top-section elementor-element elementor-element-d3667d2 elementor-section-boxed elementor-section-height-default elementor-section-height-default\" data-id=\"d3667d2\" data-element_type=\"section\">\n\t\t\t\t\t\t<div class=\"elementor-container elementor-column-gap-default\">\n\t\t\t\t\t<div class=\"elementor-column elementor-col-100 elementor-top-column elementor-element elementor-element-38fdf93\" data-id=\"38fdf93\" data-element_type=\"column\">\n\t\t\t<div class=\"elementor-widget-wrap elementor-element-populated\">\n\t\t\t\t\t\t<div class=\"elementor-element elementor-element-75cf973 elementor-widget elementor-widget-heading\" data-id=\"75cf973\" data-element_type=\"widget\" data-widget_type=\"heading.default\">\n\t\t\t\t<div class=\"elementor-widget-container\">\n\t\t\t\t\t<h2 class=\"elementor-heading-title elementor-size-default\"><br><span style=\"font-size: 30px;font-weight: 700\">3D Druck \u2013 Prototypen Bau \u2013 Elektronik<\/span><\/h2>\t\t\t\t<\/div>\n\t\t\t\t<\/div>\n\t\t\t\t\t<\/div>\n\t\t<\/div>\n\t\t\t\t\t<\/div>\n\t\t<\/section>\n\t\t\t\t<section class=\"elementor-section elementor-top-section elementor-element elementor-element-3f26795 elementor-section-boxed elementor-section-height-default elementor-section-height-default\" data-id=\"3f26795\" data-element_type=\"section\">\n\t\t\t\t\t\t<div class=\"elementor-container elementor-column-gap-default\">\n\t\t\t\t\t<div class=\"elementor-column elementor-col-100 elementor-top-column elementor-element elementor-element-3b42abc\" data-id=\"3b42abc\" data-element_type=\"column\">\n\t\t\t<div class=\"elementor-widget-wrap elementor-element-populated\">\n\t\t\t\t\t\t<div class=\"elementor-element elementor-element-223f1a4 elementor-widget elementor-widget-spacer\" data-id=\"223f1a4\" data-element_type=\"widget\" data-widget_type=\"spacer.default\">\n\t\t\t\t<div class=\"elementor-widget-container\">\n\t\t\t\t\t\t\t<div class=\"elementor-spacer\">\n\t\t\t<div class=\"elementor-spacer-inner\"><\/div>\n\t\t<\/div>\n\t\t\t\t\t\t<\/div>\n\t\t\t\t<\/div>\n\t\t\t\t\t<\/div>\n\t\t<\/div>\n\t\t\t\t\t<\/div>\n\t\t<\/section>\n\t\t\t\t<section class=\"elementor-section elementor-top-section elementor-element elementor-element-cb6b23b elementor-section-boxed elementor-section-height-default elementor-section-height-default\" data-id=\"cb6b23b\" data-element_type=\"section\">\n\t\t\t\t\t\t<div class=\"elementor-container elementor-column-gap-default\">\n\t\t\t\t\t<div class=\"elementor-column elementor-col-100 elementor-top-column elementor-element elementor-element-3526088\" data-id=\"3526088\" data-element_type=\"column\">\n\t\t\t<div class=\"elementor-widget-wrap elementor-element-populated\">\n\t\t\t\t\t\t<section class=\"elementor-section elementor-inner-section elementor-element elementor-element-f33e141 elementor-section-boxed elementor-section-height-default elementor-section-height-default\" data-id=\"f33e141\" data-element_type=\"section\">\n\t\t\t\t\t\t<div class=\"elementor-container elementor-column-gap-default\">\n\t\t\t\t\t<div class=\"elementor-column elementor-col-50 elementor-inner-column elementor-element elementor-element-3ac2a1f\" data-id=\"3ac2a1f\" data-element_type=\"column\">\n\t\t\t<div class=\"elementor-widget-wrap elementor-element-populated\">\n\t\t\t\t\t\t<div class=\"elementor-element elementor-element-237c6a3 elementor-widget elementor-widget-text-editor\" data-id=\"237c6a3\" data-element_type=\"widget\" data-widget_type=\"text-editor.default\">\n\t\t\t\t<div class=\"elementor-widget-container\">\n\t\t\t\t\t\t\t\t\t<p>Egal, ob Sie individuell erstellte 3D Druck Objekte f\u00fcr Ersatzteile, Prototypen, Klein-Serien oder Formen ben\u00f6tigen: sprechen Sie mich an!<\/p><p>Sollten Sie, abgesehen von Ihrer Idee, noch keine druckf\u00e4hige Vorlage haben, entwerfe ich gerne ein 3D druckf\u00e4higes Modell nach Ihren Vorstellungen.<\/p><p>Gerne drucke ich Ihnen auch Ersatzteile, wie Bauteil-Geh\u00e4use, Kunststoff-schrauben, Zahnr\u00e4der, Schalter\/Hebel\/Kn\u00f6pfe f\u00fcr Haushaltsger\u00e4te oder Spielfiguren f\u00fcr Ihr Lieblingsspiel. Hierzu ben\u00f6tige ich das defekte Teil oder die technischen Ma\u00dfe und erstelle gerne ein Angebot.<\/p><p>Gedruckt werden k\u00f6nnen Kunststoffe aus PLA, PETG, ABS\/ASA, TPU mit einer maximalen Baugr\u00f6\u00dfe von 30x30x40cm.\u00a0<\/p><p>\u00a0<\/p>\t\t\t\t\t\t\t\t<\/div>\n\t\t\t\t<\/div>\n\t\t\t\t\t<\/div>\n\t\t<\/div>\n\t\t\t\t<div class=\"elementor-column elementor-col-50 elementor-inner-column elementor-element elementor-element-07c51f9\" data-id=\"07c51f9\" data-element_type=\"column\">\n\t\t\t<div class=\"elementor-widget-wrap elementor-element-populated\">\n\t\t\t\t\t\t<div class=\"elementor-element elementor-element-ca6b53d elementor-widget elementor-widget-image\" data-id=\"ca6b53d\" data-element_type=\"widget\" data-widget_type=\"image.default\">\n\t\t\t\t<div class=\"elementor-widget-container\">\n\t\t\t\t\t\t\t\t\t\t\t\t\t\t\t<img fetchpriority=\"high\" decoding=\"async\" width=\"458\" height=\"355\" src=\"https:\/\/www.pohle.it\/wp-content\/uploads\/2020\/03\/M3-Hexnut.png\" class=\"attachment-full size-full wp-image-267\" alt=\"\" srcset=\"https:\/\/www.pohle.it\/wp-content\/uploads\/2020\/03\/M3-Hexnut.png 458w, https:\/\/www.pohle.it\/wp-content\/uploads\/2020\/03\/M3-Hexnut-300x233.png 300w\" sizes=\"(max-width: 458px) 100vw, 458px\" \/>\t\t\t\t\t\t\t\t\t\t\t\t\t\t\t<\/div>\n\t\t\t\t<\/div>\n\t\t\t\t\t<\/div>\n\t\t<\/div>\n\t\t\t\t\t<\/div>\n\t\t<\/section>\n\t\t\t\t\t<\/div>\n\t\t<\/div>\n\t\t\t\t\t<\/div>\n\t\t<\/section>\n\t\t\t\t<section class=\"elementor-section elementor-top-section elementor-element elementor-element-78c0418 elementor-section-boxed elementor-section-height-default elementor-section-height-default\" data-id=\"78c0418\" data-element_type=\"section\">\n\t\t\t\t\t\t<div class=\"elementor-container elementor-column-gap-default\">\n\t\t\t\t\t<div class=\"elementor-column elementor-col-100 elementor-top-column elementor-element elementor-element-8c19b3f\" data-id=\"8c19b3f\" data-element_type=\"column\">\n\t\t\t<div class=\"elementor-widget-wrap elementor-element-populated\">\n\t\t\t\t\t\t<section class=\"elementor-section elementor-inner-section elementor-element elementor-element-947382c elementor-section-boxed elementor-section-height-default elementor-section-height-default\" data-id=\"947382c\" data-element_type=\"section\">\n\t\t\t\t\t\t<div class=\"elementor-container elementor-column-gap-default\">\n\t\t\t\t\t<div class=\"elementor-column elementor-col-50 elementor-inner-column elementor-element elementor-element-4aa59ca\" data-id=\"4aa59ca\" data-element_type=\"column\">\n\t\t\t<div class=\"elementor-widget-wrap elementor-element-populated\">\n\t\t\t\t\t\t<div class=\"elementor-element elementor-element-b2a0890 elementor-widget elementor-widget-image\" data-id=\"b2a0890\" data-element_type=\"widget\" data-widget_type=\"image.default\">\n\t\t\t\t<div class=\"elementor-widget-container\">\n\t\t\t\t\t\t\t\t\t\t\t\t\t\t\t<img decoding=\"async\" width=\"768\" height=\"432\" src=\"https:\/\/www.pohle.it\/wp-content\/uploads\/2021\/01\/20210106_201026_resized-768x432.jpg\" class=\"attachment-medium_large size-medium_large wp-image-561\" alt=\"\" srcset=\"https:\/\/www.pohle.it\/wp-content\/uploads\/2021\/01\/20210106_201026_resized-768x432.jpg 768w, https:\/\/www.pohle.it\/wp-content\/uploads\/2021\/01\/20210106_201026_resized-300x169.jpg 300w, https:\/\/www.pohle.it\/wp-content\/uploads\/2021\/01\/20210106_201026_resized.jpg 1008w\" sizes=\"(max-width: 768px) 100vw, 768px\" \/>\t\t\t\t\t\t\t\t\t\t\t\t\t\t\t<\/div>\n\t\t\t\t<\/div>\n\t\t\t\t\t<\/div>\n\t\t<\/div>\n\t\t\t\t<div class=\"elementor-column elementor-col-50 elementor-inner-column elementor-element elementor-element-8f1b6ea\" data-id=\"8f1b6ea\" data-element_type=\"column\">\n\t\t\t<div class=\"elementor-widget-wrap elementor-element-populated\">\n\t\t\t\t\t\t<div class=\"elementor-element elementor-element-4aa52c7 elementor-widget elementor-widget-text-editor\" data-id=\"4aa52c7\" data-element_type=\"widget\" data-widget_type=\"text-editor.default\">\n\t\t\t\t<div class=\"elementor-widget-container\">\n\t\t\t\t\t\t\t\t\t<p>Sie ben\u00f6tigen eine Raumluft-\u00dcberwachung? CO2 Gehalt in der Luft? Luftfeuchtigkeit? Temperatur? Druck?\u00a0\u00a0<\/p><p>Oder wollen Sie eine dauerhafte Durchfluss-\u00dcberwachung etablieren oder m\u00fcssen den Wasserstand in einer Zisterne auslesen k\u00f6nnen?<\/p><p>Per Infrarot, Funk oder App aus der Ferne, z.B. per Smartphone, Ger\u00e4te ein- oder ausschalten?<\/p><p>Messwert Erfassung und Speicherung, Visualisierung und Alarmierung?<\/p><p>Sprechen Sie mich gerne an und ich erstelle Ihnen ein individuelles Angebot.<\/p>\t\t\t\t\t\t\t\t<\/div>\n\t\t\t\t<\/div>\n\t\t\t\t\t<\/div>\n\t\t<\/div>\n\t\t\t\t\t<\/div>\n\t\t<\/section>\n\t\t\t\t\t<\/div>\n\t\t<\/div>\n\t\t\t\t\t<\/div>\n\t\t<\/section>\n\t\t\t\t<section class=\"elementor-section elementor-top-section elementor-element elementor-element-968ea11 elementor-section-boxed elementor-section-height-default elementor-section-height-default\" data-id=\"968ea11\" data-element_type=\"section\">\n\t\t\t\t\t\t<div class=\"elementor-container elementor-column-gap-default\">\n\t\t\t\t\t<div class=\"elementor-column elementor-col-100 elementor-top-column elementor-element elementor-element-5130c74\" data-id=\"5130c74\" data-element_type=\"column\">\n\t\t\t<div class=\"elementor-widget-wrap elementor-element-populated\">\n\t\t\t\t\t\t<div class=\"elementor-element elementor-element-39afb3f elementor-widget elementor-widget-spacer\" data-id=\"39afb3f\" data-element_type=\"widget\" data-widget_type=\"spacer.default\">\n\t\t\t\t<div class=\"elementor-widget-container\">\n\t\t\t\t\t\t\t<div class=\"elementor-spacer\">\n\t\t\t<div class=\"elementor-spacer-inner\"><\/div>\n\t\t<\/div>\n\t\t\t\t\t\t<\/div>\n\t\t\t\t<\/div>\n\t\t\t\t\t<\/div>\n\t\t<\/div>\n\t\t\t\t\t<\/div>\n\t\t<\/section>\n\t\t\t\t<section class=\"elementor-section elementor-top-section elementor-element elementor-element-4b7871b elementor-section-boxed elementor-section-height-default elementor-section-height-default\" data-id=\"4b7871b\" data-element_type=\"section\">\n\t\t\t\t\t\t<div class=\"elementor-container elementor-column-gap-default\">\n\t\t\t\t\t<div class=\"elementor-column elementor-col-100 elementor-top-column elementor-element elementor-element-de81559\" data-id=\"de81559\" data-element_type=\"column\">\n\t\t\t<div class=\"elementor-widget-wrap elementor-element-populated\">\n\t\t\t\t\t\t<div class=\"elementor-element elementor-element-c0b1eea elementor-arrows-position-inside elementor-pagination-position-outside elementor-widget elementor-widget-image-carousel\" data-id=\"c0b1eea\" data-element_type=\"widget\" data-settings=\"{&quot;navigation&quot;:&quot;both&quot;,&quot;autoplay&quot;:&quot;yes&quot;,&quot;pause_on_hover&quot;:&quot;yes&quot;,&quot;pause_on_interaction&quot;:&quot;yes&quot;,&quot;autoplay_speed&quot;:5000,&quot;infinite&quot;:&quot;yes&quot;,&quot;speed&quot;:500}\" data-widget_type=\"image-carousel.default\">\n\t\t\t\t<div class=\"elementor-widget-container\">\n\t\t\t\t\t\t\t<div class=\"elementor-image-carousel-wrapper swiper\" role=\"region\" aria-roledescription=\"carousel\" aria-label=\"Bild Karussell\" dir=\"ltr\">\n\t\t\t<div class=\"elementor-image-carousel swiper-wrapper\" aria-live=\"off\">\n\t\t\t\t\t\t\t\t<div class=\"swiper-slide\" role=\"group\" aria-roledescription=\"slide\" aria-label=\"1 von 12\"><a data-elementor-open-lightbox=\"yes\" data-elementor-lightbox-slideshow=\"c0b1eea\" data-elementor-lightbox-title=\"Pulsmessung\" data-e-action-hash=\"#elementor-action%3Aaction%3Dlightbox%26settings%3DeyJpZCI6Mjk2LCJ1cmwiOiJodHRwczpcL1wvd3d3LnBvaGxlLml0XC93cC1jb250ZW50XC91cGxvYWRzXC8yMDIwXC8wNVwvUHVsc21lc3N1bmcuanBnIiwic2xpZGVzaG93IjoiYzBiMWVlYSJ9\" href=\"https:\/\/www.pohle.it\/wp-content\/uploads\/2020\/05\/Pulsmessung.jpg\"><figure class=\"swiper-slide-inner\"><img decoding=\"async\" class=\"swiper-slide-image\" src=\"https:\/\/www.pohle.it\/wp-content\/uploads\/2020\/05\/Pulsmessung-215x300.jpg\" alt=\"Pulsmessung\" \/><\/figure><\/a><\/div><div class=\"swiper-slide\" role=\"group\" aria-roledescription=\"slide\" aria-label=\"2 von 12\"><a data-elementor-open-lightbox=\"yes\" data-elementor-lightbox-slideshow=\"c0b1eea\" data-elementor-lightbox-title=\"20200510_212903_resized\" data-e-action-hash=\"#elementor-action%3Aaction%3Dlightbox%26settings%3DeyJpZCI6Mjk0LCJ1cmwiOiJodHRwczpcL1wvd3d3LnBvaGxlLml0XC93cC1jb250ZW50XC91cGxvYWRzXC8yMDIwXC8wNVwvMjAyMDA1MTBfMjEyOTAzX3Jlc2l6ZWQuanBnIiwic2xpZGVzaG93IjoiYzBiMWVlYSJ9\" href=\"https:\/\/www.pohle.it\/wp-content\/uploads\/2020\/05\/20200510_212903_resized.jpg\"><figure class=\"swiper-slide-inner\"><img decoding=\"async\" class=\"swiper-slide-image\" src=\"https:\/\/www.pohle.it\/wp-content\/uploads\/2020\/05\/20200510_212903_resized-300x225.jpg\" alt=\"20200510_212903_resized\" \/><\/figure><\/a><\/div><div class=\"swiper-slide\" role=\"group\" aria-roledescription=\"slide\" aria-label=\"3 von 12\"><a data-elementor-open-lightbox=\"yes\" data-elementor-lightbox-slideshow=\"c0b1eea\" data-elementor-lightbox-title=\"20200427_215705_resized_1\" data-e-action-hash=\"#elementor-action%3Aaction%3Dlightbox%26settings%3DeyJpZCI6MjkzLCJ1cmwiOiJodHRwczpcL1wvd3d3LnBvaGxlLml0XC93cC1jb250ZW50XC91cGxvYWRzXC8yMDIwXC8wNVwvMjAyMDA0MjdfMjE1NzA1X3Jlc2l6ZWRfMS5qcGciLCJzbGlkZXNob3ciOiJjMGIxZWVhIn0%3D\" href=\"https:\/\/www.pohle.it\/wp-content\/uploads\/2020\/05\/20200427_215705_resized_1.jpg\"><figure class=\"swiper-slide-inner\"><img decoding=\"async\" class=\"swiper-slide-image\" src=\"https:\/\/www.pohle.it\/wp-content\/uploads\/2020\/05\/20200427_215705_resized_1-225x300.jpg\" alt=\"20200427_215705_resized_1\" \/><\/figure><\/a><\/div><div class=\"swiper-slide\" role=\"group\" aria-roledescription=\"slide\" aria-label=\"4 von 12\"><a data-elementor-open-lightbox=\"yes\" data-elementor-lightbox-slideshow=\"c0b1eea\" data-elementor-lightbox-title=\"20200426_105826_resized_1\" data-e-action-hash=\"#elementor-action%3Aaction%3Dlightbox%26settings%3DeyJpZCI6MjkyLCJ1cmwiOiJodHRwczpcL1wvd3d3LnBvaGxlLml0XC93cC1jb250ZW50XC91cGxvYWRzXC8yMDIwXC8wNVwvMjAyMDA0MjZfMTA1ODI2X3Jlc2l6ZWRfMS5qcGciLCJzbGlkZXNob3ciOiJjMGIxZWVhIn0%3D\" href=\"https:\/\/www.pohle.it\/wp-content\/uploads\/2020\/05\/20200426_105826_resized_1.jpg\"><figure class=\"swiper-slide-inner\"><img decoding=\"async\" class=\"swiper-slide-image\" src=\"https:\/\/www.pohle.it\/wp-content\/uploads\/2020\/05\/20200426_105826_resized_1-300x225.jpg\" alt=\"20200426_105826_resized_1\" \/><\/figure><\/a><\/div><div class=\"swiper-slide\" role=\"group\" aria-roledescription=\"slide\" aria-label=\"5 von 12\"><a data-elementor-open-lightbox=\"yes\" data-elementor-lightbox-slideshow=\"c0b1eea\" data-elementor-lightbox-title=\"20200408_223401_resized\" data-e-action-hash=\"#elementor-action%3Aaction%3Dlightbox%26settings%3DeyJpZCI6MjkxLCJ1cmwiOiJodHRwczpcL1wvd3d3LnBvaGxlLml0XC93cC1jb250ZW50XC91cGxvYWRzXC8yMDIwXC8wNVwvMjAyMDA0MDhfMjIzNDAxX3Jlc2l6ZWQuanBnIiwic2xpZGVzaG93IjoiYzBiMWVlYSJ9\" href=\"https:\/\/www.pohle.it\/wp-content\/uploads\/2020\/05\/20200408_223401_resized.jpg\"><figure class=\"swiper-slide-inner\"><img decoding=\"async\" class=\"swiper-slide-image\" src=\"https:\/\/www.pohle.it\/wp-content\/uploads\/2020\/05\/20200408_223401_resized-300x225.jpg\" alt=\"20200408_223401_resized\" \/><\/figure><\/a><\/div><div class=\"swiper-slide\" role=\"group\" aria-roledescription=\"slide\" aria-label=\"6 von 12\"><a data-elementor-open-lightbox=\"yes\" data-elementor-lightbox-slideshow=\"c0b1eea\" data-elementor-lightbox-title=\"20200223_160710_resized_1\" data-e-action-hash=\"#elementor-action%3Aaction%3Dlightbox%26settings%3DeyJpZCI6MjkwLCJ1cmwiOiJodHRwczpcL1wvd3d3LnBvaGxlLml0XC93cC1jb250ZW50XC91cGxvYWRzXC8yMDIwXC8wNVwvMjAyMDAyMjNfMTYwNzEwX3Jlc2l6ZWRfMS5qcGciLCJzbGlkZXNob3ciOiJjMGIxZWVhIn0%3D\" href=\"https:\/\/www.pohle.it\/wp-content\/uploads\/2020\/05\/20200223_160710_resized_1.jpg\"><figure class=\"swiper-slide-inner\"><img decoding=\"async\" class=\"swiper-slide-image\" src=\"https:\/\/www.pohle.it\/wp-content\/uploads\/2020\/05\/20200223_160710_resized_1-300x225.jpg\" alt=\"20200223_160710_resized_1\" \/><\/figure><\/a><\/div><div class=\"swiper-slide\" role=\"group\" aria-roledescription=\"slide\" aria-label=\"7 von 12\"><a data-elementor-open-lightbox=\"yes\" data-elementor-lightbox-slideshow=\"c0b1eea\" data-elementor-lightbox-title=\"20191124_184621_resized\" data-e-action-hash=\"#elementor-action%3Aaction%3Dlightbox%26settings%3DeyJpZCI6Mjg5LCJ1cmwiOiJodHRwczpcL1wvd3d3LnBvaGxlLml0XC93cC1jb250ZW50XC91cGxvYWRzXC8yMDIwXC8wNVwvMjAxOTExMjRfMTg0NjIxX3Jlc2l6ZWQuanBnIiwic2xpZGVzaG93IjoiYzBiMWVlYSJ9\" href=\"https:\/\/www.pohle.it\/wp-content\/uploads\/2020\/05\/20191124_184621_resized.jpg\"><figure class=\"swiper-slide-inner\"><img decoding=\"async\" class=\"swiper-slide-image\" src=\"https:\/\/www.pohle.it\/wp-content\/uploads\/2020\/05\/20191124_184621_resized-225x300.jpg\" alt=\"20191124_184621_resized\" \/><\/figure><\/a><\/div><div class=\"swiper-slide\" role=\"group\" aria-roledescription=\"slide\" aria-label=\"8 von 12\"><a data-elementor-open-lightbox=\"yes\" data-elementor-lightbox-slideshow=\"c0b1eea\" data-elementor-lightbox-title=\"3D-Print-Models\" data-elementor-lightbox-description=\"3D Print Models\" data-e-action-hash=\"#elementor-action%3Aaction%3Dlightbox%26settings%3DeyJpZCI6MjgwLCJ1cmwiOiJodHRwczpcL1wvd3d3LnBvaGxlLml0XC93cC1jb250ZW50XC91cGxvYWRzXC8yMDIwXC8wNVwvMjAyMDA1MTAtMjEwMTU0LnBuZyIsInNsaWRlc2hvdyI6ImMwYjFlZWEifQ%3D%3D\" href=\"https:\/\/www.pohle.it\/wp-content\/uploads\/2020\/05\/20200510-210154.png\"><figure class=\"swiper-slide-inner\"><img decoding=\"async\" class=\"swiper-slide-image\" src=\"https:\/\/www.pohle.it\/wp-content\/uploads\/2020\/05\/20200510-210154-300x197.png\" alt=\"3D Print Models\" \/><\/figure><\/a><\/div><div class=\"swiper-slide\" role=\"group\" aria-roledescription=\"slide\" aria-label=\"9 von 12\"><a data-elementor-open-lightbox=\"yes\" data-elementor-lightbox-slideshow=\"c0b1eea\" data-elementor-lightbox-title=\"20200301_204212\" data-e-action-hash=\"#elementor-action%3Aaction%3Dlightbox%26settings%3DeyJpZCI6MjU1LCJ1cmwiOiJodHRwczpcL1wvd3d3LnBvaGxlLml0XC93cC1jb250ZW50XC91cGxvYWRzXC8yMDIwXC8wM1wvMjAyMDAzMDFfMjA0MjEyLmpwZyIsInNsaWRlc2hvdyI6ImMwYjFlZWEifQ%3D%3D\" href=\"https:\/\/www.pohle.it\/wp-content\/uploads\/2020\/03\/20200301_204212.jpg\"><figure class=\"swiper-slide-inner\"><img decoding=\"async\" class=\"swiper-slide-image\" src=\"https:\/\/www.pohle.it\/wp-content\/uploads\/2020\/03\/20200301_204212-300x225.jpg\" alt=\"20200301_204212\" \/><\/figure><\/a><\/div><div class=\"swiper-slide\" role=\"group\" aria-roledescription=\"slide\" aria-label=\"10 von 12\"><a data-elementor-open-lightbox=\"yes\" data-elementor-lightbox-slideshow=\"c0b1eea\" data-elementor-lightbox-title=\"20200301_193746\" data-e-action-hash=\"#elementor-action%3Aaction%3Dlightbox%26settings%3DeyJpZCI6MjU0LCJ1cmwiOiJodHRwczpcL1wvd3d3LnBvaGxlLml0XC93cC1jb250ZW50XC91cGxvYWRzXC8yMDIwXC8wM1wvMjAyMDAzMDFfMTkzNzQ2LmpwZyIsInNsaWRlc2hvdyI6ImMwYjFlZWEifQ%3D%3D\" href=\"https:\/\/www.pohle.it\/wp-content\/uploads\/2020\/03\/20200301_193746.jpg\"><figure class=\"swiper-slide-inner\"><img decoding=\"async\" class=\"swiper-slide-image\" src=\"https:\/\/www.pohle.it\/wp-content\/uploads\/2020\/03\/20200301_193746-300x225.jpg\" alt=\"20200301_193746\" \/><\/figure><\/a><\/div><div class=\"swiper-slide\" role=\"group\" aria-roledescription=\"slide\" aria-label=\"11 von 12\"><a data-elementor-open-lightbox=\"yes\" data-elementor-lightbox-slideshow=\"c0b1eea\" data-elementor-lightbox-title=\"M3-Linsenkopf\" data-e-action-hash=\"#elementor-action%3Aaction%3Dlightbox%26settings%3DeyJpZCI6MjY4LCJ1cmwiOiJodHRwczpcL1wvd3d3LnBvaGxlLml0XC93cC1jb250ZW50XC91cGxvYWRzXC8yMDIwXC8wM1wvTTMtTGluc2Vua29wZi5wbmciLCJzbGlkZXNob3ciOiJjMGIxZWVhIn0%3D\" href=\"https:\/\/www.pohle.it\/wp-content\/uploads\/2020\/03\/M3-Linsenkopf.png\"><figure class=\"swiper-slide-inner\"><img decoding=\"async\" class=\"swiper-slide-image\" src=\"https:\/\/www.pohle.it\/wp-content\/uploads\/2020\/03\/M3-Linsenkopf-300x280.png\" alt=\"M3-Linsenkopf\" \/><\/figure><\/a><\/div><div class=\"swiper-slide\" role=\"group\" aria-roledescription=\"slide\" aria-label=\"12 von 12\"><a data-elementor-open-lightbox=\"yes\" data-elementor-lightbox-slideshow=\"c0b1eea\" data-elementor-lightbox-title=\"M3-Hexnut\" data-e-action-hash=\"#elementor-action%3Aaction%3Dlightbox%26settings%3DeyJpZCI6MjY3LCJ1cmwiOiJodHRwczpcL1wvd3d3LnBvaGxlLml0XC93cC1jb250ZW50XC91cGxvYWRzXC8yMDIwXC8wM1wvTTMtSGV4bnV0LnBuZyIsInNsaWRlc2hvdyI6ImMwYjFlZWEifQ%3D%3D\" href=\"https:\/\/www.pohle.it\/wp-content\/uploads\/2020\/03\/M3-Hexnut.png\"><figure class=\"swiper-slide-inner\"><img decoding=\"async\" class=\"swiper-slide-image\" src=\"https:\/\/www.pohle.it\/wp-content\/uploads\/2020\/03\/M3-Hexnut-300x233.png\" alt=\"M3-Hexnut\" \/><\/figure><\/a><\/div>\t\t\t<\/div>\n\t\t\t\t\t\t\t\t\t\t\t\t<div class=\"elementor-swiper-button elementor-swiper-button-prev\" role=\"button\" tabindex=\"0\">\n\t\t\t\t\t\t<i aria-hidden=\"true\" class=\"eicon-chevron-left\"><\/i>\t\t\t\t\t<\/div>\n\t\t\t\t\t<div class=\"elementor-swiper-button elementor-swiper-button-next\" role=\"button\" tabindex=\"0\">\n\t\t\t\t\t\t<i aria-hidden=\"true\" class=\"eicon-chevron-right\"><\/i>\t\t\t\t\t<\/div>\n\t\t\t\t\n\t\t\t\t\t\t\t\t\t<div class=\"swiper-pagination\"><\/div>\n\t\t\t\t\t\t\t\t\t<\/div>\n\t\t\t\t\t\t<\/div>\n\t\t\t\t<\/div>\n\t\t\t\t\t<\/div>\n\t\t<\/div>\n\t\t\t\t\t<\/div>\n\t\t<\/section>\n\t\t\t\t<\/div>\n\t\t","protected":false},"excerpt":{"rendered":"<p>3D Druck \u2013 Prototypen Bau \u2013 Elektronik Egal, ob Sie individuell erstellte 3D Druck Objekte f\u00fcr Ersatzteile, Prototypen, Klein-Serien oder Formen ben\u00f6tigen: sprechen Sie mich an! Sollten Sie, abgesehen von Ihrer Idee, noch keine druckf\u00e4hige Vorlage haben, entwerfe ich gerne ein 3D druckf\u00e4higes Modell nach Ihren Vorstellungen. Gerne drucke ich Ihnen auch Ersatzteile, wie Bauteil-Geh\u00e4use, [&hellip;]<\/p>\n","protected":false},"author":1,"featured_media":0,"parent":0,"menu_order":0,"comment_status":"closed","ping_status":"closed","template":"","meta":{"_lmt_disableupdate":"","_lmt_disable":"","site-sidebar-layout":"no-sidebar","site-content-layout":"page-builder","ast-site-content-layout":"default","site-content-style":"default","site-sidebar-style":"default","ast-global-header-display":"","ast-banner-title-visibility":"","ast-main-header-display":"","ast-hfb-above-header-display":"","ast-hfb-below-header-display":"","ast-hfb-mobile-header-display":"","site-post-title":"disabled","ast-breadcrumbs-content":"","ast-featured-img":"disabled","footer-sml-layout":"","theme-transparent-header-meta":"default","adv-header-id-meta":"","stick-header-meta":"","header-above-stick-meta":"","header-main-stick-meta":"","header-below-stick-meta":"","astra-migrate-meta-layouts":"default","ast-page-background-enabled":"default","ast-page-background-meta":{"desktop":{"background-color":"var(--ast-global-color-4)","background-image":"","background-repeat":"repeat","background-position":"center center","background-size":"auto","background-attachment":"scroll","background-type":"","background-media":"","overlay-type":"","overlay-color":"","overlay-opacity":"","overlay-gradient":""},"tablet":{"background-color":"","background-image":"","background-repeat":"repeat","background-position":"center center","background-size":"auto","background-attachment":"scroll","background-type":"","background-media":"","overlay-type":"","overlay-color":"","overlay-opacity":"","overlay-gradient":""},"mobile":{"background-color":"","background-image":"","background-repeat":"repeat","background-position":"center center","background-size":"auto","background-attachment":"scroll","background-type":"","background-media":"","overlay-type":"","overlay-color":"","overlay-opacity":"","overlay-gradient":""}},"ast-content-background-meta":{"desktop":{"background-color":"var(--ast-global-color-5)","background-image":"","background-repeat":"repeat","background-position":"center center","background-size":"auto","background-attachment":"scroll","background-type":"","background-media":"","overlay-type":"","overlay-color":"","overlay-opacity":"","overlay-gradient":""},"tablet":{"background-color":"var(--ast-global-color-5)","background-image":"","background-repeat":"repeat","background-position":"center center","background-size":"auto","background-attachment":"scroll","background-type":"","background-media":"","overlay-type":"","overlay-color":"","overlay-opacity":"","overlay-gradient":""},"mobile":{"background-color":"var(--ast-global-color-5)","background-image":"","background-repeat":"repeat","background-position":"center center","background-size":"auto","background-attachment":"scroll","background-type":"","background-media":"","overlay-type":"","overlay-color":"","overlay-opacity":"","overlay-gradient":""}},"footnotes":""},"class_list":["post-286","page","type-page","status-publish","hentry"],"_links":{"self":[{"href":"https:\/\/www.pohle.it\/index.php\/wp-json\/wp\/v2\/pages\/286","targetHints":{"allow":["GET"]}}],"collection":[{"href":"https:\/\/www.pohle.it\/index.php\/wp-json\/wp\/v2\/pages"}],"about":[{"href":"https:\/\/www.pohle.it\/index.php\/wp-json\/wp\/v2\/types\/page"}],"author":[{"embeddable":true,"href":"https:\/\/www.pohle.it\/index.php\/wp-json\/wp\/v2\/users\/1"}],"replies":[{"embeddable":true,"href":"https:\/\/www.pohle.it\/index.php\/wp-json\/wp\/v2\/comments?post=286"}],"version-history":[{"count":23,"href":"https:\/\/www.pohle.it\/index.php\/wp-json\/wp\/v2\/pages\/286\/revisions"}],"predecessor-version":[{"id":593,"href":"https:\/\/www.pohle.it\/index.php\/wp-json\/wp\/v2\/pages\/286\/revisions\/593"}],"wp:attachment":[{"href":"https:\/\/www.pohle.it\/index.php\/wp-json\/wp\/v2\/media?parent=286"}],"curies":[{"name":"wp","href":"https:\/\/api.w.org\/{rel}","templated":true}]}}